{"id":5378,"date":"2023-10-31T17:45:24","date_gmt":"2023-10-31T20:45:24","guid":{"rendered":"https:\/\/www.siemaco-grs.com.br\/wp\/?page_id=5378"},"modified":"2023-12-13T11:55:02","modified_gmt":"2023-12-13T14:55:02","slug":"inteligencia-emocional","status":"publish","type":"page","link":"https:\/\/www.siemaco-grs.com.br\/wp\/inteligencia-emocional\/","title":{"rendered":"Intelig\u00eancia emocional"},"content":{"rendered":"\t\t<div data-elementor-type=\"wp-page\" data-elementor-id=\"5378\" class=\"elementor elementor-5378\">\n\t\t\t\t\t\t\t\t\t<section class=\"penci-section penci-disSticky penci-structure-20 elementor-section elementor-top-section elementor-element elementor-element-eef8c52 elementor-section-boxed elementor-section-height-default elementor-section-height-default\" data-id=\"eef8c52\" data-element_type=\"section\">\n\t\t\t\t\t\t<div class=\"elementor-container elementor-column-gap-default\">\n\t\t\t\t\t<div class=\"penci-ercol-50 penci-ercol-order-1 penci-sticky-ct    elementor-column elementor-col-50 elementor-top-column elementor-element elementor-element-23d837f\" data-id=\"23d837f\" data-element_type=\"column\">\n\t\t\t<div class=\"elementor-widget-wrap elementor-element-populated\">\n\t\t\t\t\t\t\t\t<div class=\"elementor-element elementor-element-a318f3a elementor-widget elementor-widget-image\" data-id=\"a318f3a\" data-element_type=\"widget\" data-widget_type=\"image.default\">\n\t\t\t\t<div class=\"elementor-widget-container\">\n\t\t\t\t\t\t\t\t\t\t\t\t\t\t\t<img decoding=\"async\" width=\"1024\" height=\"1024\" src=\"https:\/\/www.siemaco-grs.com.br\/wp\/wp-content\/uploads\/2023\/10\/inteligencia-emocional-1024x1024.png\" class=\"attachment-large size-large wp-image-5397\" alt=\"\" srcset=\"https:\/\/www.siemaco-grs.com.br\/wp\/wp-content\/uploads\/2023\/10\/inteligencia-emocional-1024x1024.png 1024w, https:\/\/www.siemaco-grs.com.br\/wp\/wp-content\/uploads\/2023\/10\/inteligencia-emocional-300x300.png 300w, https:\/\/www.siemaco-grs.com.br\/wp\/wp-content\/uploads\/2023\/10\/inteligencia-emocional-150x150.png 150w, https:\/\/www.siemaco-grs.com.br\/wp\/wp-content\/uploads\/2023\/10\/inteligencia-emocional-768x768.png 768w, https:\/\/www.siemaco-grs.com.br\/wp\/wp-content\/uploads\/2023\/10\/inteligencia-emocional-1536x1536.png 1536w, https:\/\/www.siemaco-grs.com.br\/wp\/wp-content\/uploads\/2023\/10\/inteligencia-emocional-600x600.png 600w, https:\/\/www.siemaco-grs.com.br\/wp\/wp-content\/uploads\/2023\/10\/inteligencia-emocional-1170x1170.png 1170w, https:\/\/www.siemaco-grs.com.br\/wp\/wp-content\/uploads\/2023\/10\/inteligencia-emocional-585x585.png 585w, https:\/\/www.siemaco-grs.com.br\/wp\/wp-content\/uploads\/2023\/10\/inteligencia-emocional.png 1796w\" sizes=\"(max-width: 1024px) 100vw, 1024px\" \/>\t\t\t\t\t\t\t\t\t\t\t\t\t\t\t<\/div>\n\t\t\t\t<\/div>\n\t\t\t\t\t<\/div>\n\t\t<\/div>\n\t\t\t\t<div class=\"penci-ercol-50 penci-ercol-order-2 penci-sticky-ct    elementor-column elementor-col-50 elementor-top-column elementor-element elementor-element-609ad6a\" data-id=\"609ad6a\" data-element_type=\"column\">\n\t\t\t<div class=\"elementor-widget-wrap elementor-element-populated\">\n\t\t\t\t\t\t\t\t<div class=\"elementor-element elementor-element-353d392 elementor-widget elementor-widget-text-editor\" data-id=\"353d392\" data-element_type=\"widget\" data-widget_type=\"text-editor.default\">\n\t\t\t\t<div class=\"elementor-widget-container\">\n\t\t\t\t\t\t\t<p>Ajuda a compreender e controlar suas pr\u00f3prias emo\u00e7\u00f5es, decis\u00f5es e auto controle aumentando a empatia e a capacidade de se comunicar de forma mais eficaz.<\/p><p>Os m\u00f3dulos que comp\u00f5em esse curso s\u00e3o:<\/p><ul><li>5 compet\u00eancias emocionais<\/li><li>Teste 5 dom\u00ednios \u2013 intelig\u00eancia emocional<\/li><li>Autoconsci\u00eancia \u2013 conhecer as pr\u00f3prias emo\u00e7\u00f5es<\/li><li>Autogerenciamento \u2013 lidar com as emo\u00e7\u00f5es<\/li><li>Associa\u00e7\u00e3o e dissocia\u00e7\u00e3o<\/li><li>T\u00e9cnicas para autocontrole emocional<\/li><li>Automotiva\u00e7\u00e3o<\/li><li>Empatia \u2013 reconhecer emo\u00e7\u00e3o nos outros.<\/li><li>Rapport<\/li><li>Sociabilidade &#8211; lidar com relacionamentos<\/li><li>Psicoterapia sist\u00eamica<\/li><\/ul><p><strong>Para verificar a disponibilidade do curso pretendido e se cadastrar, entre em contato conosco no whatsapp (11) 94743-1539 ou no telefone (11) 2440-3533\u00a0<\/strong><\/p>\t\t\t\t\t\t<\/div>\n\t\t\t\t<\/div>\n\t\t\t\t\t<\/div>\n\t\t<\/div>\n\t\t\t\t\t\t\t<\/div>\n\t\t<\/section>\n\t\t\t\t\t\t\t<\/div>\n\t\t","protected":false},"excerpt":{"rendered":"<p>Ajuda a compreender e controlar suas pr\u00f3prias emo\u00e7\u00f5es, decis\u00f5es e auto controle aumentando a empatia e a capacidade de se comunicar de forma mais&hellip;<\/p>\n","protected":false},"author":35,"featured_media":0,"parent":0,"menu_order":0,"comment_status":"closed","ping_status":"closed","template":"","meta":{"footnotes":""},"class_list":["post-5378","page","type-page","status-publish","hentry"],"blog_post_layout_featured_media_urls":{"thumbnail":"","full":""},"categories_names":null,"comments_number":"0","wpmagazine_modules_lite_featured_media_urls":{"thumbnail":"","cvmm-medium":"","cvmm-medium-plus":"","cvmm-portrait":"","cvmm-medium-square":"","cvmm-large":"","cvmm-small":"","full":""},"_links":{"self":[{"href":"https:\/\/www.siemaco-grs.com.br\/wp\/wp-json\/wp\/v2\/pages\/5378","targetHints":{"allow":["GET"]}}],"collection":[{"href":"https:\/\/www.siemaco-grs.com.br\/wp\/wp-json\/wp\/v2\/pages"}],"about":[{"href":"https:\/\/www.siemaco-grs.com.br\/wp\/wp-json\/wp\/v2\/types\/page"}],"author":[{"embeddable":true,"href":"https:\/\/www.siemaco-grs.com.br\/wp\/wp-json\/wp\/v2\/users\/35"}],"replies":[{"embeddable":true,"href":"https:\/\/www.siemaco-grs.com.br\/wp\/wp-json\/wp\/v2\/comments?post=5378"}],"version-history":[{"count":10,"href":"https:\/\/www.siemaco-grs.com.br\/wp\/wp-json\/wp\/v2\/pages\/5378\/revisions"}],"predecessor-version":[{"id":5790,"href":"https:\/\/www.siemaco-grs.com.br\/wp\/wp-json\/wp\/v2\/pages\/5378\/revisions\/5790"}],"wp:attachment":[{"href":"https:\/\/www.siemaco-grs.com.br\/wp\/wp-json\/wp\/v2\/media?parent=5378"}],"curies":[{"name":"wp","href":"https:\/\/api.w.org\/{rel}","templated":true}]}}