{"id":2782,"date":"2023-01-20T16:20:39","date_gmt":"2023-01-20T19:20:39","guid":{"rendered":"https:\/\/www.siemaco-grs.com.br\/wp\/?page_id=2782"},"modified":"2025-06-27T12:48:18","modified_gmt":"2025-06-27T15:48:18","slug":"lazer-e-diversao","status":"publish","type":"page","link":"https:\/\/www.siemaco-grs.com.br\/wp\/lazer-e-diversao\/","title":{"rendered":"Lazer E Divers\u00e3o"},"content":{"rendered":"\n<p>Para voc\u00ea e sua fam\u00edlia passarem momentos agrad\u00e1veis, oferecemos descontos nas melhores op\u00e7\u00f5es de lazer.<br>IMPORTANTE: Para obter seu ingresso, solicite com anteced\u00eancia por WhatsApp: (11) 94742-6463<\/p>\n\n\n\n<blockquote class=\"wp-block-quote is-layout-flow wp-block-quote-is-layout-flow\">\n<p>\uf0a7 WET\u2019N WILD<br>Endere\u00e7o: Rod. dos Bandeirantes, s\/n \u2013 Km 72 \u2013 Zona Rural, Itupeva\/SP<\/p>\n<\/blockquote>\n\n\n\n<blockquote class=\"wp-block-quote is-layout-flow wp-block-quote-is-layout-flow\">\n<p>\uf0a7 HOPI HARI<br>Endere\u00e7o: Rod. dos Bandeirantes, km 72 \u2013 Moinho, Vinhedo\/SP<\/p>\n<\/blockquote>\n\n\n\n<blockquote class=\"wp-block-quote is-layout-flow wp-block-quote-is-layout-flow\">\n<p>\uf0a7 NEO GEO FAMILY<br>Loja Shopping Internacional \u2013 Guarulhos\/SP<br>Endere\u00e7o: R. Eng. Camilo Olivetti, 295 \u2013 Vila Endres, Guarulhos\/SP (Piso T\u00e9rreo)<\/p>\n<\/blockquote>\n\n\n\n<blockquote class=\"wp-block-quote is-layout-flow wp-block-quote-is-layout-flow\">\n<p>\uf0a7 CINEMARK<br>Rede Cinemark<br>*Somente sala 2D (Convencional)<\/p>\n<\/blockquote>\n\n\n\n<blockquote class=\"wp-block-quote is-layout-flow wp-block-quote-is-layout-flow\">\n<p>\uf0a7 PARQUE DA M\u00d4NICA<br>Endere\u00e7o: Av. das Na\u00e7\u00f5es Unidas, 22.540 &#8211; Jurubatuba &#8211; Marginal Pinheiros<br>S\u00e3o Paulo\/SP<\/p>\n<\/blockquote>\n\n\n\n<blockquote class=\"wp-block-quote is-layout-flow wp-block-quote-is-layout-flow\">\n<p>\uf0a7 JUMP JOY \u2013 UM SALTO PARA DIVERS\u00c3O<br>Endere\u00e7o: Rua dos Motoristas, 76 &#8211; Pican\u00e7o, Guarulhos\/SP<br>Crian\u00e7as at\u00e9 5 anos e 11 meses devem estar acompanhadas, acompanhante \u00e9 gr\u00e1tis<br>Obrigat\u00f3rio o uso de meias antiderrapantes.<\/p>\n<\/blockquote>\n\n\n\n<blockquote class=\"wp-block-quote is-layout-flow wp-block-quote-is-layout-flow\">\n<p>\u2022 PLAYCENTER FAMILY<br>Loja Shopping Aricanduva<br>Endere\u00e7o: Av. Aricanduva, 5555 &#8211; Vila Matilde, S\u00e3o Paulo\/SP<\/p>\n<\/blockquote>\n\n\n\n<blockquote class=\"wp-block-quote is-layout-flow wp-block-quote-is-layout-flow\">\n<p>Loja Grand Plaza ABC<br>Endere\u00e7o: Av. Industrial, 600 &#8211; Centro, Santo Andr\u00e9\/SP<\/p>\n<\/blockquote>\n\n\n\n<ul class=\"wp-block-list\">\n<li>Consulte mais informa\u00e7\u00f5es e valores entrando em contato conosco. (11) 94742-6463<\/li>\n<\/ul>\n\n\n\n<p><\/p>\n\n\n\n<figure class=\"wp-block-image size-full\"><img decoding=\"async\" width=\"740\" height=\"494\" src=\"https:\/\/www.siemaco-grs.com.br\/wp\/wp-content\/uploads\/2023\/01\/image-10.png\" alt=\"\" class=\"wp-image-2783\" srcset=\"https:\/\/www.siemaco-grs.com.br\/wp\/wp-content\/uploads\/2023\/01\/image-10.png 740w, https:\/\/www.siemaco-grs.com.br\/wp\/wp-content\/uploads\/2023\/01\/image-10-300x200.png 300w, https:\/\/www.siemaco-grs.com.br\/wp\/wp-content\/uploads\/2023\/01\/image-10-585x391.png 585w, https:\/\/www.siemaco-grs.com.br\/wp\/wp-content\/uploads\/2023\/01\/image-10-263x175.png 263w\" sizes=\"(max-width: 740px) 100vw, 740px\" \/><\/figure>\n","protected":false},"excerpt":{"rendered":"<p>Para voc\u00ea e sua fam\u00edlia passarem momentos agrad\u00e1veis, oferecemos descontos nas melhores op\u00e7\u00f5es de lazer.IMPORTANTE: Para obter seu ingresso, solicite com anteced\u00eancia por WhatsApp:&hellip;<\/p>\n","protected":false},"author":35,"featured_media":0,"parent":0,"menu_order":0,"comment_status":"closed","ping_status":"closed","template":"","meta":{"footnotes":""},"class_list":["post-2782","page","type-page","status-publish","hentry"],"blog_post_layout_featured_media_urls":{"thumbnail":"","full":""},"categories_names":null,"comments_number":"0","wpmagazine_modules_lite_featured_media_urls":{"thumbnail":"","cvmm-medium":"","cvmm-medium-plus":"","cvmm-portrait":"","cvmm-medium-square":"","cvmm-large":"","cvmm-small":"","full":""},"_links":{"self":[{"href":"https:\/\/www.siemaco-grs.com.br\/wp\/wp-json\/wp\/v2\/pages\/2782","targetHints":{"allow":["GET"]}}],"collection":[{"href":"https:\/\/www.siemaco-grs.com.br\/wp\/wp-json\/wp\/v2\/pages"}],"about":[{"href":"https:\/\/www.siemaco-grs.com.br\/wp\/wp-json\/wp\/v2\/types\/page"}],"author":[{"embeddable":true,"href":"https:\/\/www.siemaco-grs.com.br\/wp\/wp-json\/wp\/v2\/users\/35"}],"replies":[{"embeddable":true,"href":"https:\/\/www.siemaco-grs.com.br\/wp\/wp-json\/wp\/v2\/comments?post=2782"}],"version-history":[{"count":7,"href":"https:\/\/www.siemaco-grs.com.br\/wp\/wp-json\/wp\/v2\/pages\/2782\/revisions"}],"predecessor-version":[{"id":10529,"href":"https:\/\/www.siemaco-grs.com.br\/wp\/wp-json\/wp\/v2\/pages\/2782\/revisions\/10529"}],"wp:attachment":[{"href":"https:\/\/www.siemaco-grs.com.br\/wp\/wp-json\/wp\/v2\/media?parent=2782"}],"curies":[{"name":"wp","href":"https:\/\/api.w.org\/{rel}","templated":true}]}}