{"id":2774,"date":"2023-01-20T16:16:55","date_gmt":"2023-01-20T19:16:55","guid":{"rendered":"https:\/\/www.siemaco-grs.com.br\/wp\/?page_id=2774"},"modified":"2023-01-20T16:16:56","modified_gmt":"2023-01-20T19:16:56","slug":"descontos-em-farmacias","status":"publish","type":"page","link":"https:\/\/www.siemaco-grs.com.br\/wp\/descontos-em-farmacias\/","title":{"rendered":"Descontos Em Farm\u00e1cias"},"content":{"rendered":"\n<p><strong>PROMOFARMA<\/strong><\/p>\n\n\n\n<p><strong>Desconto:<\/strong><\/p>\n\n\n\n<p>De 5% a 20% em medicamentos \u00e9ticos.<\/p>\n\n\n\n<p>At\u00e9 70% em gen\u00e9ricos e similares.<\/p>\n\n\n\n<p>At\u00e9 10% em perfurmarias.<\/p>\n\n\n\n<p><strong>* IMPORTANTE:&nbsp;<\/strong>Para garantir os descontos \u00e9 necess\u00e1rio apresentar a carteirinha de associado do Siemaco Guarulhos para identifica\u00e7\u00e3o.<\/p>\n\n\n\n<p><strong>Unidade 1:\u00a0<\/strong>Av. Florian\u00f3polis, 477 \u2013 Jardim S\u00e3o Jo\u00e3o, Guarulhos\/SP\u00a0<strong>Tel.:<\/strong>\u00a0(11) 4969-9200\u00a0<strong>WhatsApp:\u00a0<\/strong>(11) 94276-5434<\/p>\n\n\n\n<p><\/p>\n\n\n\n<figure class=\"wp-block-image size-full\"><img decoding=\"async\" width=\"740\" height=\"492\" src=\"https:\/\/www.siemaco-grs.com.br\/wp\/wp-content\/uploads\/2023\/01\/image-8.png\" alt=\"\" class=\"wp-image-2775\" srcset=\"https:\/\/www.siemaco-grs.com.br\/wp\/wp-content\/uploads\/2023\/01\/image-8.png 740w, https:\/\/www.siemaco-grs.com.br\/wp\/wp-content\/uploads\/2023\/01\/image-8-300x199.png 300w, https:\/\/www.siemaco-grs.com.br\/wp\/wp-content\/uploads\/2023\/01\/image-8-585x389.png 585w, https:\/\/www.siemaco-grs.com.br\/wp\/wp-content\/uploads\/2023\/01\/image-8-263x175.png 263w\" sizes=\"(max-width: 740px) 100vw, 740px\" \/><\/figure>\n","protected":false},"excerpt":{"rendered":"<p>PROMOFARMA Desconto: De 5% a 20% em medicamentos \u00e9ticos. At\u00e9 70% em gen\u00e9ricos e similares. At\u00e9 10% em perfurmarias. * IMPORTANTE:&nbsp;Para garantir os descontos&hellip;<\/p>\n","protected":false},"author":35,"featured_media":0,"parent":0,"menu_order":0,"comment_status":"closed","ping_status":"closed","template":"","meta":{"footnotes":""},"class_list":["post-2774","page","type-page","status-publish","hentry"],"blog_post_layout_featured_media_urls":{"thumbnail":"","full":""},"categories_names":null,"comments_number":"0","wpmagazine_modules_lite_featured_media_urls":{"thumbnail":"","cvmm-medium":"","cvmm-medium-plus":"","cvmm-portrait":"","cvmm-medium-square":"","cvmm-large":"","cvmm-small":"","full":""},"_links":{"self":[{"href":"https:\/\/www.siemaco-grs.com.br\/wp\/wp-json\/wp\/v2\/pages\/2774","targetHints":{"allow":["GET"]}}],"collection":[{"href":"https:\/\/www.siemaco-grs.com.br\/wp\/wp-json\/wp\/v2\/pages"}],"about":[{"href":"https:\/\/www.siemaco-grs.com.br\/wp\/wp-json\/wp\/v2\/types\/page"}],"author":[{"embeddable":true,"href":"https:\/\/www.siemaco-grs.com.br\/wp\/wp-json\/wp\/v2\/users\/35"}],"replies":[{"embeddable":true,"href":"https:\/\/www.siemaco-grs.com.br\/wp\/wp-json\/wp\/v2\/comments?post=2774"}],"version-history":[{"count":1,"href":"https:\/\/www.siemaco-grs.com.br\/wp\/wp-json\/wp\/v2\/pages\/2774\/revisions"}],"predecessor-version":[{"id":2776,"href":"https:\/\/www.siemaco-grs.com.br\/wp\/wp-json\/wp\/v2\/pages\/2774\/revisions\/2776"}],"wp:attachment":[{"href":"https:\/\/www.siemaco-grs.com.br\/wp\/wp-json\/wp\/v2\/media?parent=2774"}],"curies":[{"name":"wp","href":"https:\/\/api.w.org\/{rel}","templated":true}]}}