{"id":2745,"date":"2023-01-20T14:36:46","date_gmt":"2023-01-20T17:36:46","guid":{"rendered":"https:\/\/www.siemaco-grs.com.br\/wp\/?page_id=2745"},"modified":"2023-01-20T14:36:48","modified_gmt":"2023-01-20T17:36:48","slug":"exames-laboratoriais","status":"publish","type":"page","link":"https:\/\/www.siemaco-grs.com.br\/wp\/exames-laboratoriais\/","title":{"rendered":"Exames Laboratoriais"},"content":{"rendered":"\n<h3 class=\"wp-block-heading\"><strong>TM Sa\u00fade<\/strong><\/h3>\n\n\n\n<p><strong>Exames Gratuitos:<\/strong><\/p>\n\n\n\n<p>\u2022 Urina Tipo 1; \u2022 Cultura de Fezes; \u2022 Hemograma Completo; \u2022 Papanicolau.<\/p>\n\n\n\n<p><strong>\u2022 Hor\u00e1rio de atendimento:<\/strong>&nbsp;De segunda a sexta-feira, das 8h \u00e0s 11h<\/p>\n\n\n\n<p><strong>\u2022 Papanicolau:<\/strong>&nbsp;O exame de papanicolau \u00e9 realizado apenas de quinta-feira, das 13h \u00e0s 15h<\/p>\n\n\n\n<p><strong>\u2022 Prepara\u00e7\u00e3o necess\u00e1ria:<\/strong>&nbsp;Jejum de 8 a 12 horas antes da realiza\u00e7\u00e3o do exame.<\/p>\n\n\n\n<p><strong>\u2022 Endere\u00e7o:<\/strong>&nbsp;Rua Diogo de Farias, 231 \u2013 Centro, Guarulhos\/SP<\/p>\n\n\n\n<p><strong>* IMPORTANTE: Marque seu exame e depois solicite a guia de atendimento.\u00a0<\/strong>Para obter os descontos, apresente sua carteirinha de s\u00f3cio.<\/p>\n\n\n\n<figure class=\"wp-block-image size-full\"><img decoding=\"async\" width=\"740\" height=\"493\" src=\"https:\/\/www.siemaco-grs.com.br\/wp\/wp-content\/uploads\/2023\/01\/image-4.png\" alt=\"\" class=\"wp-image-2746\" srcset=\"https:\/\/www.siemaco-grs.com.br\/wp\/wp-content\/uploads\/2023\/01\/image-4.png 740w, https:\/\/www.siemaco-grs.com.br\/wp\/wp-content\/uploads\/2023\/01\/image-4-300x200.png 300w, https:\/\/www.siemaco-grs.com.br\/wp\/wp-content\/uploads\/2023\/01\/image-4-585x390.png 585w, https:\/\/www.siemaco-grs.com.br\/wp\/wp-content\/uploads\/2023\/01\/image-4-263x175.png 263w\" sizes=\"(max-width: 740px) 100vw, 740px\" \/><\/figure>\n","protected":false},"excerpt":{"rendered":"<p>TM Sa\u00fade Exames Gratuitos: \u2022 Urina Tipo 1; \u2022 Cultura de Fezes; \u2022 Hemograma Completo; \u2022 Papanicolau. \u2022 Hor\u00e1rio de atendimento:&nbsp;De segunda a sexta-feira,&hellip;<\/p>\n","protected":false},"author":35,"featured_media":0,"parent":0,"menu_order":0,"comment_status":"closed","ping_status":"closed","template":"","meta":{"footnotes":""},"class_list":["post-2745","page","type-page","status-publish","hentry"],"blog_post_layout_featured_media_urls":{"thumbnail":"","full":""},"categories_names":null,"comments_number":"0","wpmagazine_modules_lite_featured_media_urls":{"thumbnail":"","cvmm-medium":"","cvmm-medium-plus":"","cvmm-portrait":"","cvmm-medium-square":"","cvmm-large":"","cvmm-small":"","full":""},"_links":{"self":[{"href":"https:\/\/www.siemaco-grs.com.br\/wp\/wp-json\/wp\/v2\/pages\/2745","targetHints":{"allow":["GET"]}}],"collection":[{"href":"https:\/\/www.siemaco-grs.com.br\/wp\/wp-json\/wp\/v2\/pages"}],"about":[{"href":"https:\/\/www.siemaco-grs.com.br\/wp\/wp-json\/wp\/v2\/types\/page"}],"author":[{"embeddable":true,"href":"https:\/\/www.siemaco-grs.com.br\/wp\/wp-json\/wp\/v2\/users\/35"}],"replies":[{"embeddable":true,"href":"https:\/\/www.siemaco-grs.com.br\/wp\/wp-json\/wp\/v2\/comments?post=2745"}],"version-history":[{"count":1,"href":"https:\/\/www.siemaco-grs.com.br\/wp\/wp-json\/wp\/v2\/pages\/2745\/revisions"}],"predecessor-version":[{"id":2747,"href":"https:\/\/www.siemaco-grs.com.br\/wp\/wp-json\/wp\/v2\/pages\/2745\/revisions\/2747"}],"wp:attachment":[{"href":"https:\/\/www.siemaco-grs.com.br\/wp\/wp-json\/wp\/v2\/media?parent=2745"}],"curies":[{"name":"wp","href":"https:\/\/api.w.org\/{rel}","templated":true}]}}