{"id":2574,"date":"2023-01-19T16:20:37","date_gmt":"2023-01-19T19:20:37","guid":{"rendered":"https:\/\/www.siemaco-grs.com.br\/wp\/?page_id=2574"},"modified":"2023-08-17T13:09:27","modified_gmt":"2023-08-17T16:09:27","slug":"cadastro-de-empresa","status":"publish","type":"page","link":"https:\/\/www.siemaco-grs.com.br\/wp\/cadastro-de-empresa\/","title":{"rendered":"CADASTRO DE EMPRESA"},"content":{"rendered":"\n<p class=\"has-text-align-left\">Enviar para o e-mail <strong>cobranca@siemaco-grs.com.br<\/strong>, os seguintes documentos:<\/p>\n\n\n\n<p class=\"has-text-align-left\">*Ramo de Atividade;<\/p>\n\n\n\n<p class=\"has-text-align-left\">*Cart\u00e3o do CNPJ e\/ou CEI da Empresa e da Contabilidade (N\u00ba e Anexo);<\/p>\n\n\n\n<p class=\"has-text-align-left\">*Contrato Social: (anexo);<\/p>\n\n\n\n<p class=\"has-text-align-left\">*E-MAILS da Empresa e da Contabilidade;<\/p>\n\n\n\n<p class=\"has-text-align-left\">*Funcion\u00e1rios: quantidade, admiss\u00e3o, cargo e<\/p>\n\n\n\n<p class=\"has-text-align-left\">*Posto de Trabalho dos funcion\u00e1rios.<\/p>\n\n\n\n<p><\/p>\n\n\n\n<p class=\"has-text-align-left\"><em>SOMENTE OS FUNCION\u00c1RIOS QUE PRESTAM SERVI\u00c7O NAS REGI\u00d5ES ABRANGIDAS PELA BASE DO SIEMACO GUARULHOS<\/em><\/p>\n\n\n\n<p><\/p>\n\n\n\n<p><\/p>\n\n\n\n<p><\/p>\n\n\n\n<p class=\"has-text-align-left\"><strong>\u2018\u2019SINDICATO DOS EMPREGADOS EM EMPRESAS DE PRESTA\u00c7\u00c3O DE SERVI\u00c7OS DE ASSEIO E CONSERVA\u00c7\u00c3O, LIMPEZA URBANA E MANUTEN\u00c7\u00c3O DE \u00c1REAS VERDES P\u00daBLICAS E PRIVADAS DE GUARULHOS, ARUJ\u00c1, SANTA ISABEL, GUARAREMA E MAIRIPOR\u00c3 E TRABALHADORES EM TURISMO E HOSPITALIDADE DO MUNIC\u00cdPIO DE GUARULHOS. \u2019\u2019<\/strong><\/p>\n","protected":false},"excerpt":{"rendered":"<p>Enviar para o e-mail cobranca@siemaco-grs.com.br, os seguintes documentos: *Ramo de Atividade; *Cart\u00e3o do CNPJ e\/ou CEI da Empresa e da Contabilidade (N\u00ba e Anexo);&hellip;<\/p>\n","protected":false},"author":35,"featured_media":0,"parent":0,"menu_order":0,"comment_status":"closed","ping_status":"closed","template":"","meta":{"footnotes":""},"class_list":["post-2574","page","type-page","status-publish","hentry"],"blog_post_layout_featured_media_urls":{"thumbnail":"","full":""},"categories_names":null,"comments_number":"0","wpmagazine_modules_lite_featured_media_urls":{"thumbnail":"","cvmm-medium":"","cvmm-medium-plus":"","cvmm-portrait":"","cvmm-medium-square":"","cvmm-large":"","cvmm-small":"","full":""},"_links":{"self":[{"href":"https:\/\/www.siemaco-grs.com.br\/wp\/wp-json\/wp\/v2\/pages\/2574","targetHints":{"allow":["GET"]}}],"collection":[{"href":"https:\/\/www.siemaco-grs.com.br\/wp\/wp-json\/wp\/v2\/pages"}],"about":[{"href":"https:\/\/www.siemaco-grs.com.br\/wp\/wp-json\/wp\/v2\/types\/page"}],"author":[{"embeddable":true,"href":"https:\/\/www.siemaco-grs.com.br\/wp\/wp-json\/wp\/v2\/users\/35"}],"replies":[{"embeddable":true,"href":"https:\/\/www.siemaco-grs.com.br\/wp\/wp-json\/wp\/v2\/comments?post=2574"}],"version-history":[{"count":2,"href":"https:\/\/www.siemaco-grs.com.br\/wp\/wp-json\/wp\/v2\/pages\/2574\/revisions"}],"predecessor-version":[{"id":4453,"href":"https:\/\/www.siemaco-grs.com.br\/wp\/wp-json\/wp\/v2\/pages\/2574\/revisions\/4453"}],"wp:attachment":[{"href":"https:\/\/www.siemaco-grs.com.br\/wp\/wp-json\/wp\/v2\/media?parent=2574"}],"curies":[{"name":"wp","href":"https:\/\/api.w.org\/{rel}","templated":true}]}}